{"id":186,"date":"2026-03-25T11:03:43","date_gmt":"2026-03-25T11:03:43","guid":{"rendered":"https:\/\/testonix.pl\/?product=sofa-narozna-milano-4-osobowa"},"modified":"2026-03-31T10:05:34","modified_gmt":"2026-03-31T10:05:34","slug":"sofa-narozna-milano-4-osobowa","status":"publish","type":"product","link":"https:\/\/testonix.pl\/?product=sofa-narozna-milano-4-osobowa","title":{"rendered":"Sofa Naro\u017cna Milano (4-osobowa)"},"content":{"rendered":"<p>Nowoczesna kanapa naro\u017cna w g\u0142\u0119bokim granacie, z mi\u0119kk\u0105 tapicerk\u0105 o wyra\u017anej fakturze i lekk\u0105 form\u0105 na smuk\u0142ych n\u00f3\u017ckach. Modu\u0142owy uk\u0142ad z szezlongiem daje du\u017co miejsca do relaksu i \u015bwietnie pasuje do minimalistycznych, jasnych wn\u0119trz.<\/p>\n","protected":false},"excerpt":{"rendered":"<p>Modu\u0142owa sofa naro\u017cna z piank\u0105 HR i zdejmowanymi pokrowcami. Produkcja polska, gwarancja 10 lat.<\/p>\n","protected":false},"featured_media":177,"comment_status":"open","ping_status":"closed","template":"","meta":[],"product_brand":[],"product_cat":[19,24],"product_tag":[],"class_list":{"0":"post-186","1":"product","2":"type-product","3":"status-publish","4":"has-post-thumbnail","6":"product_cat-sofas","7":"product_cat-sofy","9":"first","10":"instock","11":"shipping-taxable","12":"purchasable","13":"product-type-variable"},"_links":{"self":[{"href":"https:\/\/testonix.pl\/index.php?rest_route=\/wp\/v2\/product\/186","targetHints":{"allow":["GET"]}}],"collection":[{"href":"https:\/\/testonix.pl\/index.php?rest_route=\/wp\/v2\/product"}],"about":[{"href":"https:\/\/testonix.pl\/index.php?rest_route=\/wp\/v2\/types\/product"}],"replies":[{"embeddable":true,"href":"https:\/\/testonix.pl\/index.php?rest_route=%2Fwp%2Fv2%2Fcomments&post=186"}],"wp:featuredmedia":[{"embeddable":true,"href":"https:\/\/testonix.pl\/index.php?rest_route=\/wp\/v2\/media\/177"}],"wp:attachment":[{"href":"https:\/\/testonix.pl\/index.php?rest_route=%2Fwp%2Fv2%2Fmedia&parent=186"}],"wp:term":[{"taxonomy":"product_brand","embeddable":true,"href":"https:\/\/testonix.pl\/index.php?rest_route=%2Fwp%2Fv2%2Fproduct_brand&post=186"},{"taxonomy":"product_cat","embeddable":true,"href":"https:\/\/testonix.pl\/index.php?rest_route=%2Fwp%2Fv2%2Fproduct_cat&post=186"},{"taxonomy":"product_tag","embeddable":true,"href":"https:\/\/testonix.pl\/index.php?rest_route=%2Fwp%2Fv2%2Fproduct_tag&post=186"}],"curies":[{"name":"wp","href":"https:\/\/api.w.org\/{rel}","templated":true}]}}